{"id":511,"date":"2018-02-24T10:01:07","date_gmt":"2018-02-24T10:01:07","guid":{"rendered":"http:\/\/theme.ridianur.com\/hampoz\/?page_id=511"},"modified":"2019-02-12T19:54:04","modified_gmt":"2019-02-12T16:54:04","slug":"blog-sidebar","status":"publish","type":"page","link":"https:\/\/cosepartnerdesign.com\/tr\/blog-sidebar\/","title":{"rendered":""},"content":{"rendered":"\t\t<div data-elementor-type=\"post\" data-elementor-id=\"511\" class=\"elementor elementor-511\" data-elementor-settings=\"[]\">\n\t\t\t<div class=\"elementor-inner\">\n\t\t\t\t<div class=\"elementor-section-wrap\">\n\t\t\t\t\t\t\t<section data-id=\"6d557be8\" class=\"elementor-element elementor-element-6d557be8 elementor-section-boxed elementor-section-height-default elementor-section-height-default elementor-section elementor-top-section\" data-element_type=\"section\">\n\t\t\t\t\t\t<div class=\"elementor-container elementor-column-gap-wider\">\n\t\t\t\t<div class=\"elementor-row\">\n\t\t\t\t<div data-id=\"4cea249d\" class=\"elementor-element elementor-element-4cea249d elementor-column elementor-col-100 elementor-top-column\" data-element_type=\"column\">\n\t\t\t<div class=\"elementor-column-wrap  elementor-element-populated\">\n\t\t\t\t\t<div class=\"elementor-widget-wrap\">\n\t\t\t\t<div data-id=\"62c20b0\" class=\"elementor-element elementor-element-62c20b0 elementor-widget elementor-widget-rdn-slider\" data-settings=\"{&quot;slider_speed&quot;:5000}\" data-element_type=\"rdn-slider.default\">\n\t\t\t\t<div class=\"elementor-widget-container\">\n\t\t\t        \r\n        \r\n        <div class=\"slider home-slider  ani-slider  clearfix\" data-slick='{\"autoplaySpeed\": 5000}'>\r\n        \r\n\t\t\t                \r\n                <div class=\"item slide clearfix\">\r\n                \r\n                  <div class=\"slider-img-bg\" data-animation=\"puffIn\" data-delay=\"0.2s\" data-animation-duration=\"0.7s\"  \r\n                  style=\"background-image:url(http:\/\/theme.ridianur.com\/hampoz\/wp-content\/uploadz\/2018\/02\/blog8.jpg);\" ><\/div>\r\n                  \r\n                  <div class=\"slider-mask\" data-animation=\"slideUpReturn\" data-delay=\"0.1s\"><\/div>\r\n                  \r\n                  <div class=\"caption-box clearfix\">\r\n                      \r\n                      <div class=\"slider-box container-fluid\">\r\n                      <div class=\"slider-content\">\r\n                      \r\n                      \t                            \r\n                          <div class=\"slider-hidden\">\r\n                              <h3 class=\"slider-title\" data-animation=\"fadeInUp\" data-delay=\"0.8s\">Blog with<br \/> Sidebar<span>.<\/span><\/h3>\r\n                          <\/div><!--\/.slider-hidden-->\r\n                          \r\n                                                    <div class=\"slider-line\"  data-animation=\"swashIn\" data-delay=\"0.5s\"><\/div>\r\n                                                    \r\n                                                    \r\n                                                        \r\n                      <\/div><!--\/.slider-content-->\r\n                  <\/div><!--\/.slider-box-->\r\n                  \r\n                     \r\n                      \r\n                  <\/div><!--\/.caption-box-->\r\n                <\/div><!--\/.slide-->\r\n\t\t\t\t\r\n\t\t\t\t\t\t<\/div>\r\n\t\t\r\n\t\t\r\n\t\t\t\t<\/div>\n\t\t\t\t<\/div>\n\t\t\t\t\t\t<\/div>\n\t\t\t<\/div>\n\t\t<\/div>\n\t\t\t\t\t\t<\/div>\n\t\t\t<\/div>\n\t\t<\/section>\n\t\t\t\t<section data-id=\"6376ae3\" class=\"elementor-element elementor-element-6376ae3 elementor-section-boxed elementor-section-height-default elementor-section-height-default elementor-section elementor-top-section\" data-settings=\"{&quot;background_background&quot;:&quot;classic&quot;,&quot;shape_divider_top&quot;:&quot;tilt&quot;}\" data-element_type=\"section\">\n\t\t\t\t\t<div class=\"elementor-shape elementor-shape-top\" data-negative=\"false\">\n\t\t\t<svg xmlns=\"http:\/\/www.w3.org\/2000\/svg\" viewBox=\"0 0 1000 100\" preserveAspectRatio=\"none\">\n\t<path class=\"elementor-shape-fill\" d=\"M0,6V0h1000v100L0,6z\"\/>\n<\/svg>\t\t<\/div>\n\t\t\t\t\t<div class=\"elementor-container elementor-column-gap-wider\">\n\t\t\t\t<div class=\"elementor-row\">\n\t\t\t\t<div data-id=\"22b2d75a\" class=\"elementor-element elementor-element-22b2d75a animated fadeIn elementor-invisible elementor-column elementor-col-33 elementor-top-column\" data-settings=\"{&quot;animation&quot;:&quot;fadeIn&quot;,&quot;animation_delay&quot;:200}\" data-element_type=\"column\">\n\t\t\t<div class=\"elementor-column-wrap  elementor-element-populated\">\n\t\t\t\t\t<div class=\"elementor-widget-wrap\">\n\t\t\t\t<div data-id=\"8b2a67f\" class=\"elementor-element elementor-element-8b2a67f elementor-widget elementor-widget-hampoz-sidebar\" data-element_type=\"hampoz-sidebar.default\">\n\t\t\t\t<div class=\"elementor-widget-container\">\n\t\t\t\t\t\t\t<!--SIDEBAR START-->\r\n                <div class=\"hampoz-sidebar clearfix\">\r\n                \t<div  id=\"search-2\" class=\"widget widget_search clearfix\"><form role=\"search\" method=\"get\" id=\"searchform\" action=\"https:\/\/cosepartnerdesign.com\/tr\/\" > \r\n\t\t<input type=\"search\" placeholder=\"Search and hit enter...\" value=\"\" name=\"s\" id=\"s\" \/>\r\n\t\t<input type=\"submit\" id=\"searchsubmit\" \/>\r\n\t\t<\/form><\/div><div  id=\"recent-comments-2\" class=\"widget widget_recent_comments clearfix\"><h3 class=\"widgettitle\">Son yorumlar<\/h3> <div class=\"widget-border\"><\/div><ul id=\"recentcomments\"><\/ul><\/div><div  id=\"archives-2\" class=\"widget widget_archive clearfix\"><h3 class=\"widgettitle\">Ar\u015fivler<\/h3> <div class=\"widget-border\"><\/div>\n\t\t\t<ul>\n\t\t\t\t\t\t\t<\/ul>\n\n\t\t\t<\/div><div  id=\"categories-2\" class=\"widget widget_categories clearfix\"><h3 class=\"widgettitle\">Kategoriler<\/h3> <div class=\"widget-border\"><\/div>\n\t\t\t<ul>\n\t\t\t\t<li class=\"cat-item-none\">Kategori yok<\/li>\t\t\t<\/ul>\n\n\t\t\t<\/div><div  id=\"meta-2\" class=\"widget widget_meta clearfix\"><h3 class=\"widgettitle\">\u00dcst veri<\/h3> <div class=\"widget-border\"><\/div>\n\t\t<ul>\n\t\t\t\t\t\t<li><a href=\"https:\/\/cosepartnerdesign.com\/wp-login.php\">Oturum a\u00e7<\/a><\/li>\n\t\t\t<li><a href=\"https:\/\/cosepartnerdesign.com\/tr\/feed\/\">Kay\u0131t ak\u0131\u015f\u0131<\/a><\/li>\n\t\t\t<li><a href=\"https:\/\/cosepartnerdesign.com\/tr\/comments\/feed\/\">Yorum ak\u0131\u015f\u0131<\/a><\/li>\n\n\t\t\t<li><a href=\"https:\/\/tr.wordpress.org\/\">WordPress.org<\/a><\/li>\n\t\t<\/ul>\n\n\t\t<\/div><div  id=\"cordon_about-1\" class=\"widget widget_cordon_about clearfix\"><div class=\"widget-about-us clearfix\"><div class=\"abtw-box\" style=\"background-image:url(http:\/\/theme.ridianur.com\/hampoz\/wp-content\/uploadz\/2018\/02\/slider4.jpg);background-position: center;background-size: cover;\"><div class=\"slider-mask\"><\/div>\t\t     <div class=\"bordering-widget\">\r\n                  <h3>Hampoz<\/h3>\r\n                  <p class=\"wdg-about-subtitle\">Modern Interior<\/p>\r\n              <\/div>\r\n\t\t   <\/div>\t\t     \r\n\t\t   \t<p><b>She packed her seven versalia, put her initial into the belt and made herself on the way. When she reached the first hills of the Italic Mountains<\/b><\/p>\n<p>Pityful a rethoric question ran over her cheek, then she continued her way. On her way she met a copy. The copy warned the Little Blind Text, that where it came from it would have a thousand times.<\/p>\n\t\t \r\n          <ul class=\"abtw-soc\">\t\t     <li><a href=\"#\" target=\"_blank\"><i class=\"fa fa-facebook\"><\/i><\/a><\/li>\r\n\t\t   \t\t     <li><a href=\"#\" target=\"_blank\"><i class=\"fa fa-twitter\"><\/i><\/a><\/li>\r\n\t\t   \t\t     <li><a href=\"#\" target=\"_blank\"><i class=\"fa fa-google-plus\"><\/i><\/a><\/li>\r\n\t\t   \t\t     <li><a href=\"#\" target=\"_blank\"><i class=\"fa fa-instagram\"><\/i><\/a><\/li>\r\n\t\t   \t\t     <li><a href=\"#\" target=\"_blank\"><i class=\"fa fa-youtube\"><\/i><\/a><\/li>\r\n\t\t   <\/ul><\/div><\/div><div  id=\"rdn_widget_flickr-1\" class=\"widget rdn_widget_flickr clearfix\"><h3 class=\"widgettitle\">Flickr widget<\/h3> <div class=\"widget-border\"><\/div>\r\n<ul id=\"flickr\" class=\"flickr-feed clearfix\"><\/ul>\r\n   \r\n<\/div>                <\/div><!--\/.sidebar-->\r\n                <!--SIDEBAR END-->\r\n\t\t\t\t<\/div>\n\t\t\t\t<\/div>\n\t\t\t\t\t\t<\/div>\n\t\t\t<\/div>\n\t\t<\/div>\n\t\t\t\t<div data-id=\"1536b572\" class=\"elementor-element elementor-element-1536b572 animated fadeIn elementor-invisible elementor-column elementor-col-66 elementor-top-column\" data-settings=\"{&quot;animation&quot;:&quot;fadeIn&quot;,&quot;animation_delay&quot;:600}\" data-element_type=\"column\">\n\t\t\t<div class=\"elementor-column-wrap  elementor-element-populated\">\n\t\t\t\t\t<div class=\"elementor-widget-wrap\">\n\t\t\t\t<div data-id=\"3737f7c\" class=\"elementor-element elementor-element-3737f7c elementor-widget elementor-widget-hampoz-post-three\" data-element_type=\"hampoz-post-three.default\">\n\t\t\t\t<div class=\"elementor-widget-container\">\n\t\t\t        \t\t\t<div class=\"blog-post-list row clearfix blog-body\">\r\n                                           <\/div> \r\n                   \r\n                   <!--pagination--> \r\n                   <ul class='pagination'><\/ul>\n\t\t<\/div>\n\t\t\t\t<\/div>\n\t\t\t\t\t\t<\/div>\n\t\t\t<\/div>\n\t\t<\/div>\n\t\t\t\t\t\t<\/div>\n\t\t\t<\/div>\n\t\t<\/section>\n\t\t\t\t\t\t<\/div>\n\t\t\t<\/div>\n\t\t<\/div>\n\t\t","protected":false},"excerpt":{"rendered":"","protected":false},"author":1,"featured_media":0,"parent":0,"menu_order":0,"comment_status":"closed","ping_status":"closed","template":"blank-builder.php","meta":{"footnotes":""},"class_list":["post-511","page","type-page","status-publish","hentry"],"_links":{"self":[{"href":"https:\/\/cosepartnerdesign.com\/tr\/wp-json\/wp\/v2\/pages\/511","targetHints":{"allow":["GET"]}}],"collection":[{"href":"https:\/\/cosepartnerdesign.com\/tr\/wp-json\/wp\/v2\/pages"}],"about":[{"href":"https:\/\/cosepartnerdesign.com\/tr\/wp-json\/wp\/v2\/types\/page"}],"author":[{"embeddable":true,"href":"https:\/\/cosepartnerdesign.com\/tr\/wp-json\/wp\/v2\/users\/1"}],"replies":[{"embeddable":true,"href":"https:\/\/cosepartnerdesign.com\/tr\/wp-json\/wp\/v2\/comments?post=511"}],"version-history":[{"count":2,"href":"https:\/\/cosepartnerdesign.com\/tr\/wp-json\/wp\/v2\/pages\/511\/revisions"}],"predecessor-version":[{"id":1005,"href":"https:\/\/cosepartnerdesign.com\/tr\/wp-json\/wp\/v2\/pages\/511\/revisions\/1005"}],"wp:attachment":[{"href":"https:\/\/cosepartnerdesign.com\/tr\/wp-json\/wp\/v2\/media?parent=511"}],"curies":[{"name":"wp","href":"https:\/\/api.w.org\/{rel}","templated":true}]}}