{"id":229,"date":"2018-02-23T04:43:34","date_gmt":"2018-02-23T04:43:34","guid":{"rendered":"http:\/\/theme.ridianur.com\/hampoz\/?page_id=229"},"modified":"2021-04-15T15:01:23","modified_gmt":"2021-04-15T12:01:23","slug":"contact-page","status":"publish","type":"page","link":"https:\/\/cosepartnerdesign.com\/fr\/contact-page\/","title":{"rendered":"Contact"},"content":{"rendered":"\t\t<div data-elementor-type=\"post\" data-elementor-id=\"229\" class=\"elementor elementor-229\" data-elementor-settings=\"[]\">\n\t\t\t<div class=\"elementor-inner\">\n\t\t\t\t<div class=\"elementor-section-wrap\">\n\t\t\t\t\t\t\t<section data-id=\"704578da\" class=\"elementor-element elementor-element-704578da elementor-section-boxed elementor-section-height-default elementor-section-height-default elementor-section elementor-top-section\" data-settings=\"{&quot;background_background&quot;:&quot;classic&quot;}\" data-element_type=\"section\">\n\t\t\t\t\t\t<div class=\"elementor-container elementor-column-gap-wider\">\n\t\t\t\t<div class=\"elementor-row\">\n\t\t\t\t<div data-id=\"6ed1e87e\" class=\"elementor-element elementor-element-6ed1e87e animated fadeIn elementor-invisible elementor-column elementor-col-50 elementor-top-column\" data-settings=\"{&quot;animation&quot;:&quot;fadeIn&quot;,&quot;animation_delay&quot;:200}\" data-element_type=\"column\">\n\t\t\t<div class=\"elementor-column-wrap  elementor-element-populated\">\n\t\t\t\t\t<div class=\"elementor-widget-wrap\">\n\t\t\t\t<div data-id=\"9d38929\" class=\"elementor-element elementor-element-9d38929 elementor-widget elementor-widget-text-editor\" data-element_type=\"text-editor.default\">\n\t\t\t\t<div class=\"elementor-widget-container\">\n\t\t\t\t\t<div class=\"elementor-text-editor elementor-clearfix\"><p><strong><span style=\"font-size: 11.0pt; line-height: 115%; font-family: 'Calibri','sans-serif'; mso-ascii-theme-font: minor-latin; mso-fareast-font-family: Calibri; mso-fareast-theme-font: minor-latin; mso-hansi-theme-font: minor-latin; mso-bidi-font-family: 'Times New Roman'; mso-bidi-theme-font: minor-bidi; mso-ansi-language: TR; mso-fareast-language: EN-US; mso-bidi-language: AR-SA;\">FRANCE<\/span><\/strong><\/p><p><span style=\"font-size: 11pt; line-height: 115%;\"><span style=\"font-family: Calibri, sans-serif;\">285 chemin de la combe d\u2019en haut 74570 Thorens \u2013 Gli\u00e9res<br \/><\/span><\/span><span style=\"font-family: Calibri, sans-serif; font-size: 11pt;\">Tel :<\/span><span style=\"font-family: Calibri, sans-serif; font-size: 11pt;\">\u00a0<\/span><span style=\"font-family: Calibri, sans-serif; font-size: 11pt;\">\u00a0<\/span><span style=\"font-family: Calibri, sans-serif; font-size: 11pt;\">+33 (0)7 70 20 00 74 \/ 07 66 32 79 90<br \/><\/span><span style=\"font-family: Calibri, sans-serif; font-size: 11pt;\">E-MAIL:<\/span><span style=\"font-family: Calibri, sans-serif; font-size: 11pt;\">\u00a0\u00a0\u00a0 <\/span><a style=\"font-family: Calibri, sans-serif; font-size: 11pt; background-color: #ffffff;\" href=\"mailto:cosepartner@gmail.com\">cosepartner@gmail.com<\/a><br \/><span style=\"font-family: Calibri, sans-serif; font-size: 11pt;\">WHATSAPP : +33 (0)7 66 32 79 90<br \/><\/span><span style=\"font-family: Calibri, sans-serif; font-size: 11pt;\">HORAIRES D&rsquo;OUVERTURE: <\/span><em style=\"font-family: Calibri, sans-serif; font-size: 11pt;\">sur rendez-vous<\/em><\/p><p><em>COSE Partner<\/em> peut vous accompagner dans chaque \u00e9tape de votre projet. N&rsquo;h\u00e9sitez pas \u00e0 venir nous rencontrer.Vous pouvez nous contacter d\u00e8s que vous avez l&rsquo;id\u00e9e de changer votre espace de vie.<\/p><\/div>\n\t\t\t\t<\/div>\n\t\t\t\t<\/div>\n\t\t\t\t<div data-id=\"156515a\" class=\"elementor-element elementor-element-156515a elementor-widget elementor-widget-text-editor\" data-element_type=\"text-editor.default\">\n\t\t\t\t<div class=\"elementor-widget-container\">\n\t\t\t\t\t<div class=\"elementor-text-editor elementor-clearfix\"><\/div>\n\t\t\t\t<\/div>\n\t\t\t\t<\/div>\n\t\t\t\t\t\t<\/div>\n\t\t\t<\/div>\n\t\t<\/div>\n\t\t\t\t<div data-id=\"e4e3845\" class=\"elementor-element elementor-element-e4e3845 animated fadeIn elementor-invisible elementor-column elementor-col-50 elementor-top-column\" data-settings=\"{&quot;animation&quot;:&quot;fadeIn&quot;,&quot;animation_delay&quot;:600}\" data-element_type=\"column\">\n\t\t\t<div class=\"elementor-column-wrap  elementor-element-populated\">\n\t\t\t\t\t<div class=\"elementor-widget-wrap\">\n\t\t\t\t<div data-id=\"06874bb\" class=\"elementor-element elementor-element-06874bb elementor-widget elementor-widget-hampoz-contact\" data-element_type=\"hampoz-contact.default\">\n\t\t\t\t<div class=\"elementor-widget-container\">\n\t\t\t\t\t<div class=\"hampoz-contact-shortcode\"><div role=\"form\" class=\"wpcf7\" id=\"wpcf7-f4-o1\" lang=\"tr-TR\" dir=\"ltr\">\n<div class=\"screen-reader-response\"><\/div>\n<form action=\"\/fr\/wp-json\/wp\/v2\/pages\/229#wpcf7-f4-o1\" method=\"post\" class=\"wpcf7-form\" novalidate=\"novalidate\">\n<div style=\"display: none;\">\n<input type=\"hidden\" name=\"_wpcf7\" value=\"4\" \/>\n<input type=\"hidden\" name=\"_wpcf7_version\" value=\"5.1.1\" \/>\n<input type=\"hidden\" name=\"_wpcf7_locale\" value=\"tr_TR\" \/>\n<input type=\"hidden\" name=\"_wpcf7_unit_tag\" value=\"wpcf7-f4-o1\" \/>\n<input type=\"hidden\" name=\"_wpcf7_container_post\" value=\"0\" \/>\n<input type=\"hidden\" name=\"lang\" value=\"fr\" \/>\n<input type=\"hidden\" name=\"g-recaptcha-response\" value=\"\" \/>\n<\/div>\n<p><label> Your Name (required)<br \/>\n    <span class=\"wpcf7-form-control-wrap your-name\"><input type=\"text\" name=\"your-name\" value=\"\" size=\"40\" class=\"wpcf7-form-control wpcf7-text wpcf7-validates-as-required\" aria-required=\"true\" aria-invalid=\"false\" \/><\/span> <\/label><\/p>\n<p><label> Your Email (required)<br \/>\n    <span class=\"wpcf7-form-control-wrap your-email\"><input type=\"email\" name=\"your-email\" value=\"\" size=\"40\" class=\"wpcf7-form-control wpcf7-text wpcf7-email wpcf7-validates-as-required wpcf7-validates-as-email\" aria-required=\"true\" aria-invalid=\"false\" \/><\/span> <\/label><\/p>\n<p><label> Subject<br \/>\n    <span class=\"wpcf7-form-control-wrap your-subject\"><input type=\"text\" name=\"your-subject\" value=\"\" size=\"40\" class=\"wpcf7-form-control wpcf7-text\" aria-invalid=\"false\" \/><\/span> <\/label><\/p>\n<p><label> Your Message<br \/>\n    <span class=\"wpcf7-form-control-wrap your-message\"><textarea name=\"your-message\" cols=\"40\" rows=\"10\" class=\"wpcf7-form-control wpcf7-textarea\" aria-invalid=\"false\"><\/textarea><\/span> <\/label><\/p>\n<p><input type=\"submit\" value=\"Send\" class=\"wpcf7-form-control wpcf7-submit\" \/><\/p>\n<div class=\"wpcf7-response-output wpcf7-display-none\"><\/div><\/form><\/div><\/div>\r\n\t\t\t\t<\/div>\n\t\t\t\t<\/div>\n\t\t\t\t\t\t<\/div>\n\t\t\t<\/div>\n\t\t<\/div>\n\t\t\t\t\t\t<\/div>\n\t\t\t<\/div>\n\t\t<\/section>\n\t\t\t\t<section data-id=\"89784b0\" class=\"elementor-element elementor-element-89784b0 elementor-section-full_width elementor-section-height-default elementor-section-height-default elementor-section elementor-top-section\" data-settings=\"{&quot;background_background&quot;:&quot;classic&quot;}\" data-element_type=\"section\">\n\t\t\t\t\t\t<div class=\"elementor-container elementor-column-gap-no\">\n\t\t\t\t<div class=\"elementor-row\">\n\t\t\t\t<div data-id=\"8adcb36\" class=\"elementor-element elementor-element-8adcb36 elementor-column elementor-col-100 elementor-top-column\" data-element_type=\"column\">\n\t\t\t<div class=\"elementor-column-wrap  elementor-element-populated\">\n\t\t\t\t\t<div class=\"elementor-widget-wrap\">\n\t\t\t\t<div data-id=\"2b90884\" class=\"elementor-element elementor-element-2b90884 map-gray elementor-widget elementor-widget-google_maps\" data-element_type=\"google_maps.default\">\n\t\t\t\t<div class=\"elementor-widget-container\">\n\t\t\t<div class=\"elementor-custom-embed\"><iframe frameborder=\"0\" scrolling=\"no\" marginheight=\"0\" marginwidth=\"0\" src=\"https:\/\/maps.google.com\/maps?q=285%20chemin%20de%20la%20combe%20d%E2%80%99en%20haut%2074570%20Thorens%20%E2%80%93%20Gli%C3%A9res&amp;t=m&amp;z=15&amp;output=embed&amp;iwloc=near\" aria-label=\"285 chemin de la combe d\u2019en haut 74570 Thorens \u2013 Gli\u00e9res\"><\/iframe><\/div>\t\t<\/div>\n\t\t\t\t<\/div>\n\t\t\t\t\t\t<\/div>\n\t\t\t<\/div>\n\t\t<\/div>\n\t\t\t\t\t\t<\/div>\n\t\t\t<\/div>\n\t\t<\/section>\n\t\t\t\t\t\t<\/div>\n\t\t\t<\/div>\n\t\t<\/div>\n\t\t","protected":false},"excerpt":{"rendered":"<p>FRANCE 285 chemin de la combe d\u2019en haut 74570 Thorens \u2013 Gli\u00e9resTel :\u00a0\u00a0+33 (0)7 70 20 00 74 \/ 07 66 32 79 90E-MAIL:\u00a0\u00a0\u00a0 cosepartner@gmail.comWHATSAPP : +33 (0)7 66 32 79 90HORAIRES D&rsquo;OUVERTURE: sur rendez-vous COSE Partner peut vous accompagner dans chaque \u00e9tape de votre projet. N&rsquo;h\u00e9sitez pas \u00e0 venir nous rencontrer.Vous pouvez nous contacter d\u00e8s que vous avez l&rsquo;id\u00e9e &hellip;<\/p>\n","protected":false},"author":1,"featured_media":0,"parent":0,"menu_order":0,"comment_status":"closed","ping_status":"closed","template":"blank-builder.php","meta":{"footnotes":""},"class_list":["post-229","page","type-page","status-publish","hentry"],"_links":{"self":[{"href":"https:\/\/cosepartnerdesign.com\/fr\/wp-json\/wp\/v2\/pages\/229","targetHints":{"allow":["GET"]}}],"collection":[{"href":"https:\/\/cosepartnerdesign.com\/fr\/wp-json\/wp\/v2\/pages"}],"about":[{"href":"https:\/\/cosepartnerdesign.com\/fr\/wp-json\/wp\/v2\/types\/page"}],"author":[{"embeddable":true,"href":"https:\/\/cosepartnerdesign.com\/fr\/wp-json\/wp\/v2\/users\/1"}],"replies":[{"embeddable":true,"href":"https:\/\/cosepartnerdesign.com\/fr\/wp-json\/wp\/v2\/comments?post=229"}],"version-history":[{"count":17,"href":"https:\/\/cosepartnerdesign.com\/fr\/wp-json\/wp\/v2\/pages\/229\/revisions"}],"predecessor-version":[{"id":1521,"href":"https:\/\/cosepartnerdesign.com\/fr\/wp-json\/wp\/v2\/pages\/229\/revisions\/1521"}],"wp:attachment":[{"href":"https:\/\/cosepartnerdesign.com\/fr\/wp-json\/wp\/v2\/media?parent=229"}],"curies":[{"name":"wp","href":"https:\/\/api.w.org\/{rel}","templated":true}]}}