{"id":314,"date":"2018-02-23T13:48:05","date_gmt":"2018-02-23T10:48:05","guid":{"rendered":"http:\/\/theme.ridianur.com\/hampoz\/?page_id=314"},"modified":"2021-04-15T15:45:29","modified_gmt":"2021-04-15T12:45:29","slug":"about-us","status":"publish","type":"page","link":"https:\/\/cosepartnerdesign.com\/en\/about-us\/","title":{"rendered":"About Us"},"content":{"rendered":"\t\t<div data-elementor-type=\"post\" data-elementor-id=\"314\" class=\"elementor elementor-314\" data-elementor-settings=\"[]\">\n\t\t\t<div class=\"elementor-inner\">\n\t\t\t\t<div class=\"elementor-section-wrap\">\n\t\t\t\t\t\t\t<section data-id=\"460393e\" class=\"elementor-element elementor-element-460393e elementor-section-full_width elementor-section-height-default elementor-section-height-default elementor-section elementor-top-section\" data-settings=\"{&quot;shape_divider_bottom&quot;:&quot;opacity-tilt&quot;}\" data-element_type=\"section\">\n\t\t\t\t\t<div class=\"elementor-shape elementor-shape-bottom\" data-negative=\"false\">\n\t\t\t<svg xmlns=\"http:\/\/www.w3.org\/2000\/svg\" viewBox=\"0 0 2600 131.1\" preserveAspectRatio=\"none\">\n\t<path class=\"elementor-shape-fill\" d=\"M0 0L2600 0 2600 69.1 0 0z\"\/>\n\t<path class=\"elementor-shape-fill\" style=\"opacity:0.5\" d=\"M0 0L2600 0 2600 69.1 0 69.1z\"\/>\n\t<path class=\"elementor-shape-fill\" style=\"opacity:0.25\" d=\"M2600 0L0 0 0 130.1 2600 69.1z\"\/>\n<\/svg>\t\t<\/div>\n\t\t\t\t\t<div class=\"elementor-container elementor-column-gap-no\">\n\t\t\t\t<div class=\"elementor-row\">\n\t\t\t\t<div data-id=\"2ff631e6\" class=\"elementor-element elementor-element-2ff631e6 elementor-column elementor-col-100 elementor-top-column\" data-element_type=\"column\">\n\t\t\t<div class=\"elementor-column-wrap  elementor-element-populated\">\n\t\t\t\t\t<div class=\"elementor-widget-wrap\">\n\t\t\t\t<div data-id=\"c46becf\" class=\"elementor-element elementor-element-c46becf elementor-widget elementor-widget-rdn-slider\" data-settings=\"{&quot;slider_speed&quot;:5000}\" data-element_type=\"rdn-slider.default\">\n\t\t\t\t<div class=\"elementor-widget-container\">\n\t\t\t        \r\n        \r\n        <div class=\"slider home-slider  ani-slider  clearfix\" data-slick='{\"autoplaySpeed\": 5000}'>\r\n        \r\n\t\t\t                \r\n                <div class=\"item slide clearfix\">\r\n                \r\n                  <div class=\"slider-img-bg\" data-animation=\"puffIn\" data-delay=\"0.2s\" data-animation-duration=\"0.7s\"  \r\n                  style=\"background-image:url(https:\/\/cosepartnerdesign.com\/wp-content\/uploads\/2019\/03\/about-us-1.jpg);\" ><\/div>\r\n                  \r\n                  <div class=\"slider-mask\" data-animation=\"slideUpReturn\" data-delay=\"0.1s\"><\/div>\r\n                  \r\n                  <div class=\"caption-box clearfix\">\r\n                      \r\n                      <div class=\"slider-box container-fluid\">\r\n                      <div class=\"slider-content\">\r\n                      \r\n                      \t                            <p class=\"slider-subtitle\" data-animation=\"fadeIn\" data-delay=\"1.5s\">\r\n                              Cose Partner  <\/br> <span> architect interieur                           <\/p>\r\n                                                    \r\n                          <div class=\"slider-hidden\">\r\n                              <h3 class=\"slider-title\" data-animation=\"fadeInUp\" data-delay=\"0.8s\">\u00c0 Propos <span>.<\/span><\/h3>\r\n                          <\/div><!--\/.slider-hidden-->\r\n                          \r\n                                                    \r\n                                                    \r\n                                                        \r\n                      <\/div><!--\/.slider-content-->\r\n                  <\/div><!--\/.slider-box-->\r\n                  \r\n                     \r\n                      \r\n                  <\/div><!--\/.caption-box-->\r\n                <\/div><!--\/.slide-->\r\n\t\t\t\t\r\n\t\t\t\t\t\t<\/div>\r\n\t\t\r\n\t\t\r\n\t\t\t\t<\/div>\n\t\t\t\t<\/div>\n\t\t\t\t\t\t<\/div>\n\t\t\t<\/div>\n\t\t<\/div>\n\t\t\t\t\t\t<\/div>\n\t\t\t<\/div>\n\t\t<\/section>\n\t\t\t\t<section data-id=\"9a85a15\" class=\"elementor-element elementor-element-9a85a15 elementor-section-boxed elementor-section-height-default elementor-section-height-default elementor-section elementor-top-section\" data-element_type=\"section\">\n\t\t\t\t\t\t<div class=\"elementor-container elementor-column-gap-wider\">\n\t\t\t\t<div class=\"elementor-row\">\n\t\t\t\t<div data-id=\"4647863\" class=\"elementor-element elementor-element-4647863 elementor-column elementor-col-25 elementor-top-column\" data-element_type=\"column\">\n\t\t\t<div class=\"elementor-column-wrap\">\n\t\t\t\t\t<div class=\"elementor-widget-wrap\">\n\t\t\t\t\t\t<\/div>\n\t\t\t<\/div>\n\t\t<\/div>\n\t\t\t\t<div data-id=\"732f839\" class=\"elementor-element elementor-element-732f839 elementor-column elementor-col-50 elementor-top-column\" data-element_type=\"column\">\n\t\t\t<div class=\"elementor-column-wrap  elementor-element-populated\">\n\t\t\t\t\t<div class=\"elementor-widget-wrap\">\n\t\t\t\t<div data-id=\"7c04b53\" class=\"elementor-element elementor-element-7c04b53 elementor-widget elementor-widget-heading\" data-element_type=\"heading.default\">\n\t\t\t\t<div class=\"elementor-widget-container\">\n\t\t\t<h2 class=\"elementor-heading-title elementor-size-default\">Notre Histoire<\/h2>\t\t<\/div>\n\t\t\t\t<\/div>\n\t\t\t\t<div data-id=\"12c53757\" class=\"elementor-element elementor-element-12c53757 animated fadeInUp elementor-invisible elementor-widget elementor-widget-text-editor\" data-settings=\"{&quot;_animation&quot;:&quot;fadeInUp&quot;,&quot;_animation_delay&quot;:200}\" data-element_type=\"text-editor.default\">\n\t\t\t\t<div class=\"elementor-widget-container\">\n\t\t\t\t\t<div class=\"elementor-text-editor elementor-clearfix\"><p>Deux jeunes cr\u00e9ateurs se sont rencontr\u00e9s \u00e0 Milan, en 2014, sur le banc du Politecnico di Milano,<\/p><\/div>\n\t\t\t\t<\/div>\n\t\t\t\t<\/div>\n\t\t\t\t\t\t<\/div>\n\t\t\t<\/div>\n\t\t<\/div>\n\t\t\t\t<div data-id=\"0dc60a0\" class=\"elementor-element elementor-element-0dc60a0 elementor-column elementor-col-25 elementor-top-column\" data-element_type=\"column\">\n\t\t\t<div class=\"elementor-column-wrap\">\n\t\t\t\t\t<div class=\"elementor-widget-wrap\">\n\t\t\t\t\t\t<\/div>\n\t\t\t<\/div>\n\t\t<\/div>\n\t\t\t\t\t\t<\/div>\n\t\t\t<\/div>\n\t\t<\/section>\n\t\t\t\t<section data-id=\"4cf167dc\" class=\"elementor-element elementor-element-4cf167dc elementor-section-content-middle elementor-section-boxed elementor-section-height-default elementor-section-height-default elementor-section elementor-top-section\" data-settings=\"{&quot;background_background&quot;:&quot;classic&quot;,&quot;shape_divider_bottom&quot;:&quot;opacity-tilt&quot;}\" data-element_type=\"section\">\n\t\t\t\t\t<div class=\"elementor-shape elementor-shape-bottom\" data-negative=\"false\">\n\t\t\t<svg xmlns=\"http:\/\/www.w3.org\/2000\/svg\" viewBox=\"0 0 2600 131.1\" preserveAspectRatio=\"none\">\n\t<path class=\"elementor-shape-fill\" d=\"M0 0L2600 0 2600 69.1 0 0z\"\/>\n\t<path class=\"elementor-shape-fill\" style=\"opacity:0.5\" d=\"M0 0L2600 0 2600 69.1 0 69.1z\"\/>\n\t<path class=\"elementor-shape-fill\" style=\"opacity:0.25\" d=\"M2600 0L0 0 0 130.1 2600 69.1z\"\/>\n<\/svg>\t\t<\/div>\n\t\t\t\t\t<div class=\"elementor-container elementor-column-gap-wider\">\n\t\t\t\t<div class=\"elementor-row\">\n\t\t\t\t<div data-id=\"54d499d\" class=\"elementor-element elementor-element-54d499d animated fadeIn elementor-invisible elementor-column elementor-col-100 elementor-top-column\" data-settings=\"{&quot;animation&quot;:&quot;fadeIn&quot;,&quot;animation_delay&quot;:200}\" data-element_type=\"column\">\n\t\t\t<div class=\"elementor-column-wrap  elementor-element-populated\">\n\t\t\t\t\t<div class=\"elementor-widget-wrap\">\n\t\t\t\t<div data-id=\"75ae90a0\" class=\"elementor-element elementor-element-75ae90a0 elementor-widget elementor-widget-divider\" data-element_type=\"divider.default\">\n\t\t\t\t<div class=\"elementor-widget-container\">\n\t\t\t\t\t<div class=\"elementor-divider\">\n\t\t\t<span class=\"elementor-divider-separator\"><\/span>\n\t\t<\/div>\n\t\t\t\t<\/div>\n\t\t\t\t<\/div>\n\t\t\t\t<div data-id=\"141caa7e\" class=\"elementor-element elementor-element-141caa7e elementor-widget elementor-widget-text-editor\" data-element_type=\"text-editor.default\">\n\t\t\t\t<div class=\"elementor-widget-container\">\n\t\t\t\t\t<div class=\"elementor-text-editor elementor-clearfix\"><p>COSE partner est un groupe de design associ\u00e9 qui a \u00e9t\u00e9 cr\u00e9\u00e9 en 2017 par un couple d&#8217;<strong>architecte<\/strong> et d&#8217;<strong>architecte d&#8217;int\u00e9rieur<\/strong> &#8211; <em>TATAR Sebile<\/em>, <em>architecte d&#8217;int\u00e9rieur<\/em>, et <em>RENAUD Corentin<\/em>, architecte,HMNOP &#8211; ils ont promis de se ressaisir dans la capitale du design pour pratiquer ce qu&#8217;ils ont appris au cours de leurs \u00e9tudes.<\/p><p>\u00a0<\/p><p>Ils se sont rencontr\u00e9s sous le nom de COSE qui est la contraction de leur nom et qui a un sens en italien comme \u00abchoses\u00bb<\/p><p>\u00a0<\/p><p>Le premier d\u00e9fi de l&#8217;\u00e9quipe a commenc\u00e9 avec la conception du mobilier. Ils sont pass\u00e9s par la premi\u00e8re \u00e9lection avec leurs visuels initiaux et ont obtenu le droit de rejoindre <strong>MILAN DESIGN WEEK \/ VENTURA PROJECTS 2017<\/strong>. Apr\u00e8s le premier salon, ils ont \u00e9t\u00e9 invit\u00e9s par de nombreuses expositions. Leur priorit\u00e9 \u00e9tait la <strong>Paris Design Week 2017<\/strong> qui fait partie de Maison et Objet. Avec de nouveaux designs, le partenaire Cose a pris une place dans <strong>Now! Le Off 2017<\/strong>.<\/p><p>\u00a0<\/p><p>\u00catre expos\u00e9 \u00e0 la Milan Design Week 2017 a d\u00e9j\u00e0 cr\u00e9\u00e9 des opportunit\u00e9s d&#8217;institutionnalisation dans les domaines du design, du mobilier et de l&#8217;architecture d&#8217;int\u00e9rieur. Ils ont publi\u00e9 plusieurs magazines importants de Turquie et de France gr\u00e2ce aux leurs cr\u00e9ations et projets.<\/p><p>\u00a0<\/p><p>Aujourd&#8217;hui, leur bureau d\u2019architecte d\u2019int\u00e9rieur situe \u00e0 <strong>Annecy<\/strong> et ils continuent \u00e0 r\u00e9aliser les meilleurs projets pour leurs clients. Ils fournissent des services pour des projets d&#8217;architecture d&#8217;int\u00e9rieur, des meubles et des conceptions de produits, et l&#8217;exportation des mat\u00e9riaux et des meubles de la Turquie vers l&#8217;Europe. Depuis le d\u00e9but de 2021, leur site de vente en ligne <strong><a href=\"https:\/\/cosepartnershop.com\/\">\u00abcosepartnershop\u00bb<\/a><\/strong> a \u00e9t\u00e9 publi\u00e9 pour r\u00e9pondre davantage aux demandes de leurs abonn\u00e9s.<\/p><\/div>\n\t\t\t\t<\/div>\n\t\t\t\t<\/div>\n\t\t\t\t\t\t<\/div>\n\t\t\t<\/div>\n\t\t<\/div>\n\t\t\t\t\t\t<\/div>\n\t\t\t<\/div>\n\t\t<\/section>\n\t\t\t\t\t\t<\/div>\n\t\t\t<\/div>\n\t\t<\/div>\n\t\t","protected":false},"excerpt":{"rendered":"<p>Cose Partner Design About Us. Our History Two young designers met in Milan, 2014, on Politecnico di Milano\u2019 bench, COSE partner is an associated design group that has been created by architect and interior architect couple&nbsp;\u2013&nbsp; TATAR Sebile,&nbsp;interior architect, and RENAUD Corentin, architect, \u2013 They promised to come back to each other in the capital of the design to practice &hellip;<\/p>\n","protected":false},"author":1,"featured_media":0,"parent":0,"menu_order":0,"comment_status":"closed","ping_status":"closed","template":"blank-builder.php","meta":{"footnotes":""},"class_list":["post-314","page","type-page","status-publish","hentry"],"_links":{"self":[{"href":"https:\/\/cosepartnerdesign.com\/en\/wp-json\/wp\/v2\/pages\/314","targetHints":{"allow":["GET"]}}],"collection":[{"href":"https:\/\/cosepartnerdesign.com\/en\/wp-json\/wp\/v2\/pages"}],"about":[{"href":"https:\/\/cosepartnerdesign.com\/en\/wp-json\/wp\/v2\/types\/page"}],"author":[{"embeddable":true,"href":"https:\/\/cosepartnerdesign.com\/en\/wp-json\/wp\/v2\/users\/1"}],"replies":[{"embeddable":true,"href":"https:\/\/cosepartnerdesign.com\/en\/wp-json\/wp\/v2\/comments?post=314"}],"version-history":[{"count":27,"href":"https:\/\/cosepartnerdesign.com\/en\/wp-json\/wp\/v2\/pages\/314\/revisions"}],"predecessor-version":[{"id":1524,"href":"https:\/\/cosepartnerdesign.com\/en\/wp-json\/wp\/v2\/pages\/314\/revisions\/1524"}],"wp:attachment":[{"href":"https:\/\/cosepartnerdesign.com\/en\/wp-json\/wp\/v2\/media?parent=314"}],"curies":[{"name":"wp","href":"https:\/\/api.w.org\/{rel}","templated":true}]}}